{"id":1570,"date":"2023-11-28T21:17:50","date_gmt":"2023-11-28T20:17:50","guid":{"rendered":"https:\/\/www.encyklopediamalarstwa.pl\/?page_id=1570"},"modified":"2023-12-02T10:47:06","modified_gmt":"2023-12-02T09:47:06","slug":"polityka-prywatnosci-2","status":"publish","type":"page","link":"https:\/\/www.encyklopediamalarstwa.pl\/index.php\/polityka-prywatnosci-2\/","title":{"rendered":"Polityka Prywatno\u015bci"},"content":{"rendered":"\t\t<div data-elementor-type=\"wp-page\" data-elementor-id=\"1570\" class=\"elementor elementor-1570\">\n\t\t\t\t\t\t\t<div class=\"elementor-element elementor-element-91ebb13 e-flex e-con-boxed e-con e-parent\" data-id=\"91ebb13\" data-element_type=\"container\" data-settings=\"{&quot;content_width&quot;:&quot;boxed&quot;}\" data-core-v316-plus=\"true\">\n\t\t\t\t\t<div class=\"e-con-inner\">\n\t\t\t\t<div class=\"elementor-element elementor-element-947285a elementor-widget elementor-widget-text-editor\" data-id=\"947285a\" data-element_type=\"widget\" data-widget_type=\"text-editor.default\">\n\t\t\t\t<div class=\"elementor-widget-container\">\n\t\t\t<style>\/*! elementor - v3.18.0 - 08-12-2023 *\/\n.elementor-widget-text-editor.elementor-drop-cap-view-stacked .elementor-drop-cap{background-color:#69727d;color:#fff}.elementor-widget-text-editor.elementor-drop-cap-view-framed .elementor-drop-cap{color:#69727d;border:3px solid;background-color:transparent}.elementor-widget-text-editor:not(.elementor-drop-cap-view-default) .elementor-drop-cap{margin-top:8px}.elementor-widget-text-editor:not(.elementor-drop-cap-view-default) .elementor-drop-cap-letter{width:1em;height:1em}.elementor-widget-text-editor .elementor-drop-cap{float:left;text-align:center;line-height:1;font-size:50px}.elementor-widget-text-editor .elementor-drop-cap-letter{display:inline-block}<\/style>\t\t\t\t<div class=\"section-title position-relative mb-4 pb-2\" style=\"font-family: 'Open Sans', sans-serif; color: #888888; text-align: justify; position: relative !important; margin-bottom: 1.5rem !important; padding-bottom: 0.5rem !important;\"><span style=\"color: #888888; font-family: 'Open Sans', sans-serif; font-weight: bolder;\">I. Postanowienia og\u00f3lne<\/span><\/div><ol style=\"font-family: 'Open Sans', sans-serif; padding-left: 2rem; margin-bottom: 1rem; color: #888888; text-align: justify;\"><li>Polityka prywatno\u015bci okre\u015bla, jak zbierane, przetwarzane i przechowywane s\u0105 dane osobowe U\u017cytkownik\u00f3w niezb\u0119dne do \u015bwiadczenia us\u0142ug drog\u0105 elektroniczn\u0105 za po\u015brednictwem serwisu internetowego www.encyklopediamalarstwa.pl (dalej: Serwis).<\/li><li>Serwis zbiera wy\u0142\u0105cznie dane osobowe niezb\u0119dne do \u015bwiadczenia i rozwoju us\u0142ug w nim oferowanych.<\/li><li>Dane osobowe zbierane za po\u015brednictwem Serwisu s\u0105 przetwarzane zgodnie z\u00a0Rozporz\u0105dzeniem Parlamentu Europejskiego i\u00a0Rady (UE) 2016\/679 z\u00a0dnia 27 kwietnia 2016 r. w\u00a0sprawie ochrony os\u00f3b fizycznych w\u00a0zwi\u0105zku z\u00a0przetwarzaniem danych osobowych i\u00a0w sprawie swobodnego przep\u0142ywu takich danych oraz uchylenia dyrektywy 95\/46\/WE (og\u00f3lne rozporz\u0105dzenie o\u00a0ochronie danych, dalej RODO) oraz ustaw\u0105 o ochronie danych osobowych z dnia 10 maja 2018 r.<\/li><\/ol><p><span style=\"font-family: 'Open Sans', sans-serif; font-weight: bolder; color: #888888; text-align: justify;\">II. Administrator danych<\/span><\/p><p><span style=\"color: #888888; font-family: 'Open Sans', sans-serif; text-align: justify;\"> Administratorem danych osobowych zbieranych poprzez Serwis jest Damian Domarecki<\/span><span style=\"color: #888888; font-family: 'Open Sans', sans-serif; text-align: justify;\">, adres:\u00a0<\/span><span style=\"font-family: 'Open Sans', sans-serif; color: #888888; font-size: 16px; text-align: justify;\">ul. Wyszy\u0144skiego 17D\/49 87-100 Toru\u0144<\/span><span style=\"color: #888888; font-family: 'Open Sans', sans-serif; font-size: 16px; text-align: justify;\">,\u00a0<\/span><span style=\"color: #888888; font-family: 'Open Sans', sans-serif; text-align: justify;\">adres poczty elektronicznej: damian.domarecki@gmail.com<\/span><\/p><p><strong><span style=\"color: #888888; font-family: 'Open Sans', sans-serif; text-align: justify;\">III. Cel zbierania danych osobowych<\/span><\/strong><\/p><ol style=\"font-family: 'Open Sans', sans-serif; padding-left: 2rem; margin-bottom: 1rem;\"><li>Dane osobowe wykorzystywane s\u0105 w celu:<br \/><ul style=\"padding-left: 2rem; margin-top: 0px; margin-bottom: 0px;\"><li>rejestracji konta i weryfikacji to\u017csamo\u015bci U\u017cytkownika,<\/li><li>umo\u017cliwienia logowania do Serwisu,<\/li><li>realizacji umowy dotycz\u0105cej us\u0142ug i e-us\u0142ug,<\/li><li>komunikacji z U\u017cytkownikiem (livechat, formularz kontaktowy itp.)<\/li><li>wysy\u0142ki newslettera (po wyra\u017ceniu zgody U\u017cytkownika na jego otrzymywanie),<\/li><li>prowadzenia systemu komentarzy,<\/li><li>\u015bwiadczenia us\u0142ug spo\u0142eczno\u015bciowych,<\/li><li>promocji oferty Administratora,<\/li><li>marketingu, remarketingu, afiliacji,<\/li><li>personalizacji Serwisu dla U\u017cytkownik\u00f3w,<\/li><li>dzia\u0142a\u0144 analitycznych i statystycznych,<\/li><li>windykacji nale\u017cno\u015bci,<\/li><li>ustalenia i dochodzenia roszcze\u0144\u00a0albo obrony przed nimi.<\/li><\/ul><\/li><li>Podanie danych jest dobrowolne, ale niezb\u0119dne do zawarcia umowy albo skorzystania z innych funkcjonalno\u015bci Serwisu.<\/li><\/ol><p><span style=\"font-weight: bolder;\">IV. Rodzaj przetwarzanych danych osobowych<\/span><\/p><p>Administrator mo\u017ce przetwarza\u0107 dane osobowe U\u017cytkownika: imi\u0119 i nazwisko, data urodzenia, adres zamieszkania, adres e-mail, numer telefonu, NIP.<\/p><p><span style=\"font-weight: bolder;\">V. Okres przetwarzania danych osobowych<\/span><\/p><p>Dane osobowe U\u017cytkownik\u00f3w b\u0119d\u0105 przetwarzane przez okres:<\/p><ul style=\"font-family: 'Open Sans', sans-serif; padding-left: 2rem; margin-bottom: 1rem;\"><li>gdy podstaw\u0105 przetwarzania danych jest wykonanie umowy \u2013 do momentu przedawnienia roszcze\u0144 po jej wykonaniu,<\/li><li>gdy podstaw\u0105 przetwarzania danych jest zgoda \u2013 do momentu jej odwo\u0142ania, a\u00a0po odwo\u0142aniu zgody do przedawnienia roszcze\u0144.<\/li><\/ul><p>W obu przypadkach termin przedawnienia wynosi 6 lat, a dla roszcze\u0144 o \u015bwiadczenia okresowe i roszcze\u0144 dotycz\u0105cych prowadzenia dzia\u0142alno\u015bci gospodarczej \u2013 3 lata (je\u015bli przepis szczeg\u00f3lny nie stanowi inaczej).<\/p><p><span style=\"font-weight: bolder;\">VI. Udost\u0119pnianie danych osobowych<\/span><\/p><ol style=\"font-family: 'Open Sans', sans-serif; padding-left: 2rem; margin-bottom: 1rem;\"><li>Dane osobowe U\u017cytkownik\u00f3w mog\u0105 by\u0107 przekazywane: podmiotom powi\u0105zanym z Administratorem, jego podwykonawcom, podmiotom wsp\u00f3\u0142pracuj\u0105cym z Administratorem np. firmom obs\u0142uguj\u0105cym e-p\u0142atno\u015bci, firmom \u015bwiadcz\u0105cym us\u0142ugi kurierskie\/pocztowe, kancelariom prawnym.<\/li><li>Dane osobowe U\u017cytkownik\u00f3w\u00a0nie b\u0119d\u0105\u00a0przekazywane poza teren Europejskiego Obszaru Gospodarczego (EOG).<\/li><\/ol><p><span style=\"font-weight: bolder;\">VII. Prawa U\u017cytkownik\u00f3w<\/span><\/p><ol style=\"font-family: 'Open Sans', sans-serif; padding-left: 2rem; margin-bottom: 1rem;\"><li>U\u017cytkownik Serwisu ma prawo do: dost\u0119pu do tre\u015bci swoich danych osobowych, ich sprostowania, usuni\u0119cia, ograniczenia przetwarzania, przenoszenia, wniesienia sprzeciwu wobec przetwarzania, cofni\u0119cia zgody w ka\u017cdej chwili (co nie ma\u00a0wp\u0142ywu na zgodno\u015b\u0107 z prawem przetwarzania dokonanego w oparciu o zgod\u0119 przed jej cofni\u0119ciem).<\/li><li>Zg\u0142oszenie o wyst\u0105pieniu przez U\u017cytkownika z\u00a0uprawnieniem wynikaj\u0105cym z\u00a0wymienionych praw nale\u017cy przes\u0142a\u0107 na adres\u00a0damian.domarecki@gmail.com.<\/li><li>Administrator spe\u0142nia lub odmawia\u00a0spe\u0142nienia \u017c\u0105dania\u00a0niezw\u0142ocznie \u2013 maksymalnie w ci\u0105gu miesi\u0105ca od jego otrzymania.<\/li><li>U\u017cytkownik ma prawo z\u0142o\u017cy\u0107 skarg\u0119 do Prezesa Urz\u0119du Ochrony Danych Osobowych, je\u015bli uzna, \u017ce przetwarzanie narusza jego prawa i wolno\u015bci (RODO).<\/li><\/ol><p><strong>VIII. Pliki cookies<\/strong><\/p><ol style=\"font-family: 'Open Sans', sans-serif; padding-left: 2rem; margin-bottom: 1rem;\"><li>Serwis zbiera informacje za pomoc\u0105 plik\u00f3w cookies \u2013 sesyjnych, sta\u0142ych i podmiot\u00f3w zewn\u0119trznych.<\/li><li>Zbieranie plik\u00f3w cookies wspiera poprawne \u015bwiadczenie us\u0142ug w Serwisie i s\u0142u\u017cy celom statystycznym.<\/li><li>U\u017cytkownik mo\u017ce okre\u015bli\u0107 zakres dost\u0119pu plik\u00f3w cookies do swojego urz\u0105dzenia w ustawieniach przegl\u0105darki.<\/li><\/ol><p><span style=\"font-weight: bolder;\">IX. Zautomatyzowane podejmowanie decyzji i profilowanie<\/span><\/p><ol style=\"font-family: 'Open Sans', sans-serif; padding-left: 2rem; margin-bottom: 1rem;\"><li>Dane U\u017cytkownik\u00f3w nie mog\u0105 by\u0107\u00a0przetwarzane w zautomatyzowany spos\u00f3b tak, \u017ce na skutek tego mog\u0142yby zapa\u015b\u0107 wobec nich jakiekolwiek decyzje.<\/li><li>Dane U\u017cytkownik\u00f3w mog\u0105 by\u0107 profilowane celem dostosowania tre\u015bci i personalizacji oferty po wyra\u017ceniu przez nich zgody.<\/li><\/ol><p><span style=\"font-weight: bolder;\">X. Postanowienia ko\u0144cowe<\/span><\/p><ol style=\"font-family: 'Open Sans', sans-serif; padding-left: 2rem; margin-bottom: 1rem;\"><li>Administrator ma prawo do wprowadzenia zmian w Polityce prywatno\u015bci, przy czym prawa U\u017cytkownik\u00f3w nie zostan\u0105 ograniczone.<\/li><li>Informacja o wprowadzonych zmianach pojawi si\u0119 w formie komunikatu dost\u0119pnego w Serwisie.<\/li><li>W sprawach nieuregulowanych w niniejszej Polityce prywatno\u015bci obowi\u0105zuj\u0105 przepisy RODO i przepisy prawa polskiego.<\/li><\/ol><p>Do zarz\u0105dzania plikami cookie i podobnymi wykorzystywanymi technologiami (piksele \u015bledz\u0105ce, web beacons itp.) oraz powi\u0105zanymi zgodami u\u017cywamy narz\u0119dzia do wyra\u017cania zgody &#8220;Real Cookie Banner&#8221;. Szczeg\u00f3\u0142y na temat tego, jak dzia\u0142a &#8220;Real Cookie Banner&#8221; mo\u017cna znale\u017a\u0107 na stronie <a href=\"https:\/\/devowl.io\/rcb\/data-processing\">https:\/\/devowl.io\/rcb\/data-processing<\/a>.<\/p><p>Podstaw\u0105 prawn\u0105 przetwarzania danych osobowych w tym kontek\u015bcie jest art. 6 ust. 1 lit. c RODO oraz art. 6 ust. 1 lit. f RODO. Naszym uzasadnionym interesem jest zarz\u0105dzanie plikami cookie i podobnymi wykorzystywanymi technologiami oraz zwi\u0105zanymi z nimi zgodami.<\/p><p>Podanie danych osobowych nie jest wymagane umownie ani konieczne do zawarcia umowy. Nie s\u0105 Pa\u0144stwo zobowi\u0105zani do podania danych osobowych. Je\u015bli nie podadz\u0105 Pa\u0144stwo danych osobowych, nie b\u0119dziemy mogli zarz\u0105dza\u0107 Pa\u0144stwa zgodami.<\/p><p>Informacje na temat polityki prywatno\u015bci i plik\u00f3w cookies znajdziesz na <a href=\"https:\/\/www.wygranaonline.com\/polityka-prywatnosci-wzor-generator\/\">WygranaOnline<\/a>.<\/p>\t\t\t\t\t\t<\/div>\n\t\t\t\t<\/div>\n\t\t\t\t\t<\/div>\n\t\t\t\t<\/div>\n\t\t\t\t\t\t\t<\/div>\n\t\t","protected":false},"excerpt":{"rendered":"<p>I. Postanowienia og\u00f3lne Polityka prywatno\u015bci okre\u015bla, jak zbierane, przetwarzane i przechowywane s\u0105 dane osobowe U\u017cytkownik\u00f3w niezb\u0119dne do \u015bwiadczenia us\u0142ug drog\u0105 elektroniczn\u0105 za po\u015brednictwem serwisu internetowego www.encyklopediamalarstwa.pl (dalej: Serwis). Serwis zbiera&hellip;<\/p>\n","protected":false},"author":1,"featured_media":0,"parent":0,"menu_order":0,"comment_status":"closed","ping_status":"closed","template":"","meta":{"content-type":"","om_disable_all_campaigns":false,"_monsterinsights_skip_tracking":false,"_monsterinsights_sitenote_active":false,"_monsterinsights_sitenote_note":"","_monsterinsights_sitenote_category":0,"footnotes":""},"class_list":["post-1570","page","type-page","status-publish","hentry"],"yoast_head":"<!-- This site is optimized with the Yoast SEO plugin v21.7 - https:\/\/yoast.com\/wordpress\/plugins\/seo\/ -->\n<title>Polityka Prywatno\u015bci - Encyklopedia Malarstwa<\/title>\n<meta name=\"robots\" content=\"index, follow, max-snippet:-1, max-image-preview:large, max-video-preview:-1\" \/>\n<link rel=\"canonical\" href=\"https:\/\/www.encyklopediamalarstwa.pl\/index.php\/polityka-prywatnosci-2\/\" \/>\n<meta property=\"og:locale\" content=\"pl_PL\" \/>\n<meta property=\"og:type\" content=\"article\" \/>\n<meta property=\"og:title\" content=\"Polityka Prywatno\u015bci - Encyklopedia Malarstwa\" \/>\n<meta property=\"og:description\" content=\"I. Postanowienia og\u00f3lne Polityka prywatno\u015bci okre\u015bla, jak zbierane, przetwarzane i przechowywane s\u0105 dane osobowe U\u017cytkownik\u00f3w niezb\u0119dne do \u015bwiadczenia us\u0142ug drog\u0105 elektroniczn\u0105 za po\u015brednictwem serwisu internetowego www.encyklopediamalarstwa.pl (dalej: Serwis). Serwis zbiera&hellip;\" \/>\n<meta property=\"og:url\" content=\"https:\/\/www.encyklopediamalarstwa.pl\/index.php\/polityka-prywatnosci-2\/\" \/>\n<meta property=\"og:site_name\" content=\"Encyklopedia Malarstwa\" \/>\n<meta property=\"article:modified_time\" content=\"2023-12-02T09:47:06+00:00\" \/>\n<meta name=\"twitter:card\" content=\"summary_large_image\" \/>\n<meta name=\"twitter:label1\" content=\"Szacowany czas czytania\" \/>\n\t<meta name=\"twitter:data1\" content=\"5 minut\" \/>\n<script type=\"application\/ld+json\" class=\"yoast-schema-graph\">{\"@context\":\"https:\/\/schema.org\",\"@graph\":[{\"@type\":\"WebPage\",\"@id\":\"https:\/\/www.encyklopediamalarstwa.pl\/index.php\/polityka-prywatnosci-2\/\",\"url\":\"https:\/\/www.encyklopediamalarstwa.pl\/index.php\/polityka-prywatnosci-2\/\",\"name\":\"Polityka Prywatno\u015bci - Encyklopedia Malarstwa\",\"isPartOf\":{\"@id\":\"https:\/\/www.encyklopediamalarstwa.pl\/#website\"},\"datePublished\":\"2023-11-28T20:17:50+00:00\",\"dateModified\":\"2023-12-02T09:47:06+00:00\",\"breadcrumb\":{\"@id\":\"https:\/\/www.encyklopediamalarstwa.pl\/index.php\/polityka-prywatnosci-2\/#breadcrumb\"},\"inLanguage\":\"pl-PL\",\"potentialAction\":[{\"@type\":\"ReadAction\",\"target\":[\"https:\/\/www.encyklopediamalarstwa.pl\/index.php\/polityka-prywatnosci-2\/\"]}]},{\"@type\":\"BreadcrumbList\",\"@id\":\"https:\/\/www.encyklopediamalarstwa.pl\/index.php\/polityka-prywatnosci-2\/#breadcrumb\",\"itemListElement\":[{\"@type\":\"ListItem\",\"position\":1,\"name\":\"Strona g\u0142\u00f3wna\",\"item\":\"https:\/\/www.encyklopediamalarstwa.pl\/\"},{\"@type\":\"ListItem\",\"position\":2,\"name\":\"Polityka Prywatno\u015bci\"}]},{\"@type\":\"WebSite\",\"@id\":\"https:\/\/www.encyklopediamalarstwa.pl\/#website\",\"url\":\"https:\/\/www.encyklopediamalarstwa.pl\/\",\"name\":\"Encyklopedia Malarstwa\",\"description\":\"Sztuka w Twoim domu\",\"publisher\":{\"@id\":\"https:\/\/www.encyklopediamalarstwa.pl\/#\/schema\/person\/1a6b3ac5c26a28667ef7613105b7c5d6\"},\"potentialAction\":[{\"@type\":\"SearchAction\",\"target\":{\"@type\":\"EntryPoint\",\"urlTemplate\":\"https:\/\/www.encyklopediamalarstwa.pl\/?s={search_term_string}\"},\"query-input\":\"required name=search_term_string\"}],\"inLanguage\":\"pl-PL\"},{\"@type\":[\"Person\",\"Organization\"],\"@id\":\"https:\/\/www.encyklopediamalarstwa.pl\/#\/schema\/person\/1a6b3ac5c26a28667ef7613105b7c5d6\",\"name\":\"admin\",\"image\":{\"@type\":\"ImageObject\",\"inLanguage\":\"pl-PL\",\"@id\":\"https:\/\/www.encyklopediamalarstwa.pl\/#\/schema\/person\/image\/\",\"url\":\"https:\/\/www.encyklopediamalarstwa.pl\/wp-content\/uploads\/2023\/11\/avatar.png\",\"contentUrl\":\"https:\/\/www.encyklopediamalarstwa.pl\/wp-content\/uploads\/2023\/11\/avatar.png\",\"width\":688,\"height\":748,\"caption\":\"admin\"},\"logo\":{\"@id\":\"https:\/\/www.encyklopediamalarstwa.pl\/#\/schema\/person\/image\/\"},\"sameAs\":[\"https:\/\/www.encyklopediamalarstwa.pl\"]}]}<\/script>\n<!-- \/ Yoast SEO plugin. -->","yoast_head_json":{"title":"Polityka Prywatno\u015bci - Encyklopedia Malarstwa","robots":{"index":"index","follow":"follow","max-snippet":"max-snippet:-1","max-image-preview":"max-image-preview:large","max-video-preview":"max-video-preview:-1"},"canonical":"https:\/\/www.encyklopediamalarstwa.pl\/index.php\/polityka-prywatnosci-2\/","og_locale":"pl_PL","og_type":"article","og_title":"Polityka Prywatno\u015bci - Encyklopedia Malarstwa","og_description":"I. Postanowienia og\u00f3lne Polityka prywatno\u015bci okre\u015bla, jak zbierane, przetwarzane i przechowywane s\u0105 dane osobowe U\u017cytkownik\u00f3w niezb\u0119dne do \u015bwiadczenia us\u0142ug drog\u0105 elektroniczn\u0105 za po\u015brednictwem serwisu internetowego www.encyklopediamalarstwa.pl (dalej: Serwis). Serwis zbiera&hellip;","og_url":"https:\/\/www.encyklopediamalarstwa.pl\/index.php\/polityka-prywatnosci-2\/","og_site_name":"Encyklopedia Malarstwa","article_modified_time":"2023-12-02T09:47:06+00:00","twitter_card":"summary_large_image","twitter_misc":{"Szacowany czas czytania":"5 minut"},"schema":{"@context":"https:\/\/schema.org","@graph":[{"@type":"WebPage","@id":"https:\/\/www.encyklopediamalarstwa.pl\/index.php\/polityka-prywatnosci-2\/","url":"https:\/\/www.encyklopediamalarstwa.pl\/index.php\/polityka-prywatnosci-2\/","name":"Polityka Prywatno\u015bci - Encyklopedia Malarstwa","isPartOf":{"@id":"https:\/\/www.encyklopediamalarstwa.pl\/#website"},"datePublished":"2023-11-28T20:17:50+00:00","dateModified":"2023-12-02T09:47:06+00:00","breadcrumb":{"@id":"https:\/\/www.encyklopediamalarstwa.pl\/index.php\/polityka-prywatnosci-2\/#breadcrumb"},"inLanguage":"pl-PL","potentialAction":[{"@type":"ReadAction","target":["https:\/\/www.encyklopediamalarstwa.pl\/index.php\/polityka-prywatnosci-2\/"]}]},{"@type":"BreadcrumbList","@id":"https:\/\/www.encyklopediamalarstwa.pl\/index.php\/polityka-prywatnosci-2\/#breadcrumb","itemListElement":[{"@type":"ListItem","position":1,"name":"Strona g\u0142\u00f3wna","item":"https:\/\/www.encyklopediamalarstwa.pl\/"},{"@type":"ListItem","position":2,"name":"Polityka Prywatno\u015bci"}]},{"@type":"WebSite","@id":"https:\/\/www.encyklopediamalarstwa.pl\/#website","url":"https:\/\/www.encyklopediamalarstwa.pl\/","name":"Encyklopedia Malarstwa","description":"Sztuka w Twoim domu","publisher":{"@id":"https:\/\/www.encyklopediamalarstwa.pl\/#\/schema\/person\/1a6b3ac5c26a28667ef7613105b7c5d6"},"potentialAction":[{"@type":"SearchAction","target":{"@type":"EntryPoint","urlTemplate":"https:\/\/www.encyklopediamalarstwa.pl\/?s={search_term_string}"},"query-input":"required name=search_term_string"}],"inLanguage":"pl-PL"},{"@type":["Person","Organization"],"@id":"https:\/\/www.encyklopediamalarstwa.pl\/#\/schema\/person\/1a6b3ac5c26a28667ef7613105b7c5d6","name":"admin","image":{"@type":"ImageObject","inLanguage":"pl-PL","@id":"https:\/\/www.encyklopediamalarstwa.pl\/#\/schema\/person\/image\/","url":"https:\/\/www.encyklopediamalarstwa.pl\/wp-content\/uploads\/2023\/11\/avatar.png","contentUrl":"https:\/\/www.encyklopediamalarstwa.pl\/wp-content\/uploads\/2023\/11\/avatar.png","width":688,"height":748,"caption":"admin"},"logo":{"@id":"https:\/\/www.encyklopediamalarstwa.pl\/#\/schema\/person\/image\/"},"sameAs":["https:\/\/www.encyklopediamalarstwa.pl"]}]}},"_links":{"self":[{"href":"https:\/\/www.encyklopediamalarstwa.pl\/index.php\/wp-json\/wp\/v2\/pages\/1570","targetHints":{"allow":["GET"]}}],"collection":[{"href":"https:\/\/www.encyklopediamalarstwa.pl\/index.php\/wp-json\/wp\/v2\/pages"}],"about":[{"href":"https:\/\/www.encyklopediamalarstwa.pl\/index.php\/wp-json\/wp\/v2\/types\/page"}],"author":[{"embeddable":true,"href":"https:\/\/www.encyklopediamalarstwa.pl\/index.php\/wp-json\/wp\/v2\/users\/1"}],"replies":[{"embeddable":true,"href":"https:\/\/www.encyklopediamalarstwa.pl\/index.php\/wp-json\/wp\/v2\/comments?post=1570"}],"version-history":[{"count":16,"href":"https:\/\/www.encyklopediamalarstwa.pl\/index.php\/wp-json\/wp\/v2\/pages\/1570\/revisions"}],"predecessor-version":[{"id":1774,"href":"https:\/\/www.encyklopediamalarstwa.pl\/index.php\/wp-json\/wp\/v2\/pages\/1570\/revisions\/1774"}],"wp:attachment":[{"href":"https:\/\/www.encyklopediamalarstwa.pl\/index.php\/wp-json\/wp\/v2\/media?parent=1570"}],"curies":[{"name":"wp","href":"https:\/\/api.w.org\/{rel}","templated":true}]}}